{"id":168,"date":"2026-03-16T20:47:53","date_gmt":"2026-03-16T20:47:53","guid":{"rendered":"https:\/\/amaliaoffice.net\/?page_id=168"},"modified":"2026-03-23T09:11:59","modified_gmt":"2026-03-23T09:11:59","slug":"accueil","status":"publish","type":"page","link":"https:\/\/amaliaoffice.net\/","title":{"rendered":""},"content":{"rendered":"\n<div class=\"wp-block-group alignfull has-global-padding is-layout-constrained wp-container-core-group-is-layout-0c9c989a wp-block-group-is-layout-constrained\" style=\"min-height:0vh;margin-top:0;margin-bottom:0;padding-top:var(--wp--preset--spacing--70);padding-right:var(--wp--preset--spacing--40);padding-bottom:var(--wp--preset--spacing--70);padding-left:var(--wp--preset--spacing--40)\">\n<div class=\"wp-block-group has-global-padding is-layout-constrained wp-container-core-group-is-layout-346627ba wp-block-group-is-layout-constrained\">\n<h3 class=\"wp-block-heading has-text-align-left has-xx-large-font-size\" style=\"margin-right:0;margin-left:0;padding-right:0;padding-left:0\"><strong>Une pr\u00e9sence discr\u00e8te, une efficacit\u00e9 assur\u00e9e.<\/strong><\/h3>\n\n\n\n<p class=\"has-text-align-left\">Je suis <strong>Pascale Thiel<\/strong>, fondatrice d\u2019<strong>Amalia Office<\/strong>, et j\u2019ai choisi de mettre mon expertise au service de celles et ceux qui veulent avancer avec s\u00e9r\u00e9nit\u00e9. Install\u00e9e <strong>au c\u0153ur du M\u00e9doc<\/strong>, j\u2019accompagne entrepreneurs, artisans, ind\u00e9pendants et domaines viticoles dans la gestion de leurs t\u00e2ches essentielles \u2014 celles qui prennent du temps, mais qui ne devraient jamais freiner leur \u00e9lan.<\/p>\n<\/div>\n<\/div>\n\n\n\n<div class=\"wp-block-group alignfull is-style-section-1 has-global-padding is-layout-constrained wp-block-group-is-layout-constrained is-style-section-1--1\" style=\"margin-top:0;margin-bottom:0;padding-top:var(--wp--preset--spacing--80);padding-bottom:var(--wp--preset--spacing--80)\">\n<div class=\"wp-block-columns alignwide is-layout-flex wp-container-core-columns-is-layout-66fad18a wp-block-columns-is-layout-flex\">\n<div class=\"wp-block-column is-layout-flow wp-block-column-is-layout-flow\" style=\"padding-right:var(--wp--preset--spacing--50);flex-basis:45%\">\n<figure class=\"wp-block-image size-full\"><img loading=\"lazy\" decoding=\"async\" width=\"1078\" height=\"1346\" src=\"https:\/\/amaliaoffice.net\/wp-content\/uploads\/2026\/03\/Screenshot_20260322_211509_Instagram.jpg\" alt=\"\" class=\"wp-image-202\" srcset=\"https:\/\/amaliaoffice.net\/wp-content\/uploads\/2026\/03\/Screenshot_20260322_211509_Instagram.jpg 1078w, https:\/\/amaliaoffice.net\/wp-content\/uploads\/2026\/03\/Screenshot_20260322_211509_Instagram-240x300.jpg 240w, https:\/\/amaliaoffice.net\/wp-content\/uploads\/2026\/03\/Screenshot_20260322_211509_Instagram-820x1024.jpg 820w, https:\/\/amaliaoffice.net\/wp-content\/uploads\/2026\/03\/Screenshot_20260322_211509_Instagram-768x959.jpg 768w\" sizes=\"auto, (max-width: 1078px) 100vw, 1078px\" \/><\/figure>\n\n\n\n<div class=\"wp-block-group has-global-padding is-layout-constrained wp-block-group-is-layout-constrained\" style=\"margin-top:-12vw\">\n<figure class=\"wp-block-image alignright size-full is-resized\" style=\"margin-right:-5vw;margin-left:-5vw\"><img loading=\"lazy\" decoding=\"async\" width=\"683\" height=\"1024\" src=\"http:\/\/amaliaoffice.net\/wp-content\/uploads\/2026\/03\/PHOTO-2026-03-16-20-13-40.jpg\" alt=\"\" class=\"wp-image-171\" style=\"width:202px\" srcset=\"https:\/\/amaliaoffice.net\/wp-content\/uploads\/2026\/03\/PHOTO-2026-03-16-20-13-40.jpg 683w, https:\/\/amaliaoffice.net\/wp-content\/uploads\/2026\/03\/PHOTO-2026-03-16-20-13-40-200x300.jpg 200w\" sizes=\"auto, (max-width: 683px) 100vw, 683px\" \/><\/figure>\n<\/div>\n<\/div>\n\n\n\n<div class=\"wp-block-column is-vertically-aligned-center is-layout-flow wp-block-column-is-layout-flow\" style=\"padding-right:0;padding-left:0;flex-basis:50%\">\n<div class=\"wp-block-group is-vertical is-layout-flex wp-container-core-group-is-layout-fe9cc265 wp-block-group-is-layout-flex\">\n<h2 class=\"wp-block-heading is-style-text-annotation is-style-text-annotation--2\">A propos<\/h2>\n<\/div>\n\n\n\n<p class=\"has-text-align-left is-style-text-subtitle is-style-text-subtitle--3\"><strong>L\u2019envie de redonner du temps, de la clart\u00e9 et du souffle<\/strong><\/p>\n\n\n\n<p>Apr\u00e8s des ann\u00e9es \u00e0 observer des professionnels talentueux s\u2019\u00e9puiser dans l\u2019administratif, la coordination ou la gestion quotidienne, j\u2019ai compris une chose simple : ce n\u2019est pas le c\u0153ur de leur m\u00e9tier\u2026 mais c\u2019est indispensable \u00e0 leur r\u00e9ussite.<\/p>\n\n\n\n<h2 class=\"wp-block-heading is-style-text-subtitle is-style-text-subtitle--4\">J\u2019ai donc imagin\u00e9 un service sur-mesure, flexible, humain, capable de s\u2019adapter \u00e0 chaque activit\u00e9. Un service o\u00f9 l\u2019on se sent accompagn\u00e9, compris, soutenu.<\/h2>\n<\/div>\n<\/div>\n<\/div>\n\n\n\n<div class=\"wp-block-group alignfull has-global-padding is-layout-constrained wp-container-core-group-is-layout-ebee8dc1 wp-block-group-is-layout-constrained\" style=\"margin-top:0;margin-bottom:0;padding-top:var(--wp--preset--spacing--50);padding-bottom:var(--wp--preset--spacing--50)\">\n<h2 class=\"wp-block-heading alignwide\"><strong>Mes services<\/strong><\/h2>\n\n\n\n<div class=\"wp-block-columns alignwide is-layout-flex wp-container-core-columns-is-layout-28f84493 wp-block-columns-is-layout-flex\">\n<div class=\"wp-block-column is-layout-flow wp-block-column-is-layout-flow\">\n<figure class=\"wp-block-image size-full\" style=\"margin-bottom:24px\"><img loading=\"lazy\" decoding=\"async\" width=\"2560\" height=\"1707\" src=\"https:\/\/amaliaoffice.net\/wp-content\/uploads\/2026\/03\/pexels-dhayaeddart-4935640-scaled.jpg\" alt=\"\" class=\"wp-image-204\" style=\"aspect-ratio:4\/3;object-fit:cover\" srcset=\"https:\/\/amaliaoffice.net\/wp-content\/uploads\/2026\/03\/pexels-dhayaeddart-4935640-scaled.jpg 2560w, https:\/\/amaliaoffice.net\/wp-content\/uploads\/2026\/03\/pexels-dhayaeddart-4935640-300x200.jpg 300w, https:\/\/amaliaoffice.net\/wp-content\/uploads\/2026\/03\/pexels-dhayaeddart-4935640-1024x683.jpg 1024w, https:\/\/amaliaoffice.net\/wp-content\/uploads\/2026\/03\/pexels-dhayaeddart-4935640-768x512.jpg 768w, https:\/\/amaliaoffice.net\/wp-content\/uploads\/2026\/03\/pexels-dhayaeddart-4935640-1536x1024.jpg 1536w, https:\/\/amaliaoffice.net\/wp-content\/uploads\/2026\/03\/pexels-dhayaeddart-4935640-2048x1365.jpg 2048w\" sizes=\"auto, (max-width: 2560px) 100vw, 2560px\" \/><\/figure>\n\n\n\n<h3 class=\"wp-block-heading\"><strong>Administration<\/strong><\/h3>\n\n\n\n<p class=\"has-medium-font-size\">Gestion documentaire<\/p>\n\n\n\n<p class=\"has-medium-font-size\">R\u00e9daction &amp; mise en forme <\/p>\n\n\n\n<p class=\"has-medium-font-size\">Suivi administratif<\/p>\n\n\n\n<p class=\"has-medium-font-size\">Organisation num\u00e9rique<\/p>\n<\/div>\n\n\n\n<div class=\"wp-block-column is-layout-flow wp-block-column-is-layout-flow\">\n<figure class=\"wp-block-image size-full\" style=\"margin-bottom:24px\"><img loading=\"lazy\" decoding=\"async\" width=\"1200\" height=\"800\" src=\"http:\/\/amaliaoffice.net\/wp-content\/uploads\/2026\/03\/1914-1.jpeg\" alt=\"\" class=\"wp-image-186\" style=\"aspect-ratio:4\/3;object-fit:cover\" srcset=\"https:\/\/amaliaoffice.net\/wp-content\/uploads\/2026\/03\/1914-1.jpeg 1200w, https:\/\/amaliaoffice.net\/wp-content\/uploads\/2026\/03\/1914-1-300x200.jpeg 300w, https:\/\/amaliaoffice.net\/wp-content\/uploads\/2026\/03\/1914-1-1024x683.jpeg 1024w, https:\/\/amaliaoffice.net\/wp-content\/uploads\/2026\/03\/1914-1-768x512.jpeg 768w\" sizes=\"auto, (max-width: 1200px) 100vw, 1200px\" \/><\/figure>\n\n\n\n<h3 class=\"wp-block-heading\"><strong>Commercial<\/strong><\/h3>\n\n\n\n<p class=\"has-medium-font-size\">Suivi clients<\/p>\n\n\n\n<p class=\"has-medium-font-size\">Devis &amp; factures<\/p>\n\n\n\n<p class=\"has-medium-font-size\">Relances professionnelles<\/p>\n\n\n\n<p class=\"has-medium-font-size\">Gestion d\u2019agenda<\/p>\n<\/div>\n\n\n\n<div class=\"wp-block-column is-layout-flow wp-block-column-is-layout-flow\">\n<figure class=\"wp-block-image size-full\" style=\"margin-bottom:24px\"><img loading=\"lazy\" decoding=\"async\" width=\"2560\" height=\"1707\" src=\"https:\/\/amaliaoffice.net\/wp-content\/uploads\/2026\/03\/pexels-andreamostiphotography-15611840-1-scaled.jpg\" alt=\"\" class=\"wp-image-209\" style=\"aspect-ratio:4\/3;object-fit:cover\" srcset=\"https:\/\/amaliaoffice.net\/wp-content\/uploads\/2026\/03\/pexels-andreamostiphotography-15611840-1-scaled.jpg 2560w, https:\/\/amaliaoffice.net\/wp-content\/uploads\/2026\/03\/pexels-andreamostiphotography-15611840-1-300x200.jpg 300w, https:\/\/amaliaoffice.net\/wp-content\/uploads\/2026\/03\/pexels-andreamostiphotography-15611840-1-1024x683.jpg 1024w, https:\/\/amaliaoffice.net\/wp-content\/uploads\/2026\/03\/pexels-andreamostiphotography-15611840-1-768x512.jpg 768w, https:\/\/amaliaoffice.net\/wp-content\/uploads\/2026\/03\/pexels-andreamostiphotography-15611840-1-1536x1024.jpg 1536w, https:\/\/amaliaoffice.net\/wp-content\/uploads\/2026\/03\/pexels-andreamostiphotography-15611840-1-2048x1365.jpg 2048w\" sizes=\"auto, (max-width: 2560px) 100vw, 2560px\" \/><\/figure>\n\n\n\n<h3 class=\"wp-block-heading\"><strong>Ev\u00e8nementiel<\/strong><\/h3>\n\n\n\n<p class=\"has-medium-font-size\">Organisation logistique<\/p>\n\n\n\n<p class=\"has-medium-font-size\">Coordination fournisseurs<\/p>\n\n\n\n<p class=\"has-medium-font-size\">Gestion des inscriptions<\/p>\n\n\n\n<p class=\"has-medium-font-size\">Suivi complet de l\u2019\u00e9v\u00e9nement<\/p>\n<\/div>\n<\/div>\n<\/div>\n","protected":false},"excerpt":{"rendered":"<p>Une pr\u00e9sence discr\u00e8te, une efficacit\u00e9 assur\u00e9e. Je suis Pascale Thiel, fondatrice d\u2019Amalia Office, et j\u2019ai choisi de mettre mon expertise au service de celles et ceux qui veulent avancer avec s\u00e9r\u00e9nit\u00e9. Install\u00e9e au c\u0153ur du M\u00e9doc, j\u2019accompagne entrepreneurs, artisans, ind\u00e9pendants et domaines viticoles dans la gestion de leurs t\u00e2ches essentielles \u2014 celles qui prennent du [&hellip;]<\/p>\n","protected":false},"author":1,"featured_media":0,"parent":0,"menu_order":0,"comment_status":"closed","ping_status":"closed","template":"","meta":{"footnotes":""},"class_list":["post-168","page","type-page","status-publish","hentry"],"_links":{"self":[{"href":"https:\/\/amaliaoffice.net\/index.php\/wp-json\/wp\/v2\/pages\/168","targetHints":{"allow":["GET"]}}],"collection":[{"href":"https:\/\/amaliaoffice.net\/index.php\/wp-json\/wp\/v2\/pages"}],"about":[{"href":"https:\/\/amaliaoffice.net\/index.php\/wp-json\/wp\/v2\/types\/page"}],"author":[{"embeddable":true,"href":"https:\/\/amaliaoffice.net\/index.php\/wp-json\/wp\/v2\/users\/1"}],"replies":[{"embeddable":true,"href":"https:\/\/amaliaoffice.net\/index.php\/wp-json\/wp\/v2\/comments?post=168"}],"version-history":[{"count":12,"href":"https:\/\/amaliaoffice.net\/index.php\/wp-json\/wp\/v2\/pages\/168\/revisions"}],"predecessor-version":[{"id":210,"href":"https:\/\/amaliaoffice.net\/index.php\/wp-json\/wp\/v2\/pages\/168\/revisions\/210"}],"wp:attachment":[{"href":"https:\/\/amaliaoffice.net\/index.php\/wp-json\/wp\/v2\/media?parent=168"}],"curies":[{"name":"wp","href":"https:\/\/api.w.org\/{rel}","templated":true}]}}