{"id":3,"date":"2026-03-09T16:32:43","date_gmt":"2026-03-09T16:32:43","guid":{"rendered":"http:\/\/amaliaoffice.net\/?page_id=3"},"modified":"2026-03-22T18:04:17","modified_gmt":"2026-03-22T18:04:17","slug":"privacy-policy","status":"publish","type":"page","link":"https:\/\/amaliaoffice.net\/index.php\/privacy-policy\/","title":{"rendered":"Politique de confidentialit\u00e9"},"content":{"rendered":"\n<h2 class=\"wp-block-heading\">Qui suis-je\u00a0?<\/h2>\n\n\n\n<p>www.amaliaoffice.net<\/p>\n\n\n\n<p>Fondatrice : Pascale Thiel<\/p>\n\n\n\n<p>Contact : contact@amaliaoffice.fr<\/p>\n\n\n\n<p>Adresse : 33480 Avensan- France<\/p>\n\n\n\n<p>Siret : 10144061800011<\/p>\n\n\n\n<h2 class=\"wp-block-heading\">Utilisation des donn\u00e9es personnelles collect\u00e9es<\/h2>\n\n\n\n<p>Lorsque vous utilisez le <strong>formulaire de contact<\/strong> du site, les informations suivantes peuvent \u00eatre collect\u00e9es :<\/p>\n\n\n\n<ul class=\"wp-block-list\">\n<li>Nom et pr\u00e9nom<\/li>\n\n\n\n<li>Adresse email<\/li>\n\n\n\n<li>Num\u00e9ro de t\u00e9l\u00e9phone (si fourni)<\/li>\n\n\n\n<li>Objet du message<\/li>\n\n\n\n<li>Contenu du message<\/li>\n<\/ul>\n\n\n\n<p>Ces donn\u00e9es sont strictement n\u00e9cessaires pour r\u00e9pondre \u00e0 votre demande.<\/p>\n\n\n\n<h2 class=\"wp-block-heading\">Finalit\u00e9s du traitement<\/h2>\n\n\n\n<p>Les donn\u00e9es collect\u00e9es via le formulaire de contact sont utilis\u00e9es pour :<\/p>\n\n\n\n<ul class=\"wp-block-list\">\n<li>r\u00e9pondre \u00e0 votre message<\/li>\n\n\n\n<li>\u00e9tablir un premier \u00e9change professionnel<\/li>\n\n\n\n<li>pr\u00e9parer un devis ou une proposition de prestation<\/li>\n<\/ul>\n\n\n\n<h2 class=\"wp-block-heading\">Utilisation et transmission de vos donn\u00e9es personnelles<\/h2>\n\n\n\n<p>Amalia Office ne partage aucune donn\u00e9e personnelle avec des fournisseurs tiers.<br>Les informations transmises via le formulaire de contact sont utilis\u00e9es exclusivement pour r\u00e9pondre \u00e0 votre demande et ne sont ni vendues, ni c\u00e9d\u00e9es, ni transf\u00e9r\u00e9es \u00e0 des partenaires externes.<\/p>\n\n\n\n<h2 class=\"wp-block-heading\">Dur\u00e9es de stockage de vos donn\u00e9es<\/h2>\n\n\n\n<p>Les donn\u00e9es envoy\u00e9es via le formulaire de contact sont conserv\u00e9es <\/p>\n\n\n\n<ul class=\"wp-block-list\">\n<li><strong>12 mois maximum<\/strong>, le temps de g\u00e9rer l\u2019\u00e9change<\/li>\n\n\n\n<li>ou supprim\u00e9es imm\u00e9diatement si elles ne sont plus n\u00e9cessaires<\/li>\n<\/ul>\n\n\n\n<h2 class=\"wp-block-heading\">O\u00f9 vos donn\u00e9es sont envoy\u00e9es<\/h2>\n\n\n\n<p>Les donn\u00e9es sont exclusivement destin\u00e9es \u00e0 <strong>Amalia Office<\/strong>. Elles ne sont <strong>jamais vendues<\/strong>, <strong>lou\u00e9es<\/strong>, ni transmises \u00e0 des partenaires.<\/p>\n\n\n\n<h2 class=\"wp-block-heading\">S\u00e9curit\u00e9 des donn\u00e9es<\/h2>\n\n\n\n<p>Amalia Office met en place les mesures n\u00e9cessaires pour prot\u00e9ger vos donn\u00e9es personnelles. Le site est h\u00e9berg\u00e9 chez <strong>OVH<\/strong>, b\u00e9n\u00e9ficie d\u2019un certificat <strong>SSL (https)<\/strong> et fait l\u2019objet de mises \u00e0 jour r\u00e9guli\u00e8res afin de garantir la s\u00e9curit\u00e9 des \u00e9changes et des informations transmises via le formulaire de contact.<\/p>\n\n\n\n<h2 class=\"wp-block-heading\">Cookies<\/h2>\n\n\n\n<p>Ce site utilise uniquement des cookies techniques n\u00e9cessaires \u00e0 son bon fonctionnement (par exemple, pour assurer la s\u00e9curit\u00e9 ou permettre l\u2019affichage correct des pages).<br>Aucun cookie publicitaire, de suivi ou de mesure d\u2019audience n\u2019est utilis\u00e9<\/p>\n\n\n\n<h2 class=\"wp-block-heading\">Comment nous prot\u00e9geons vos donn\u00e9es<\/h2>\n\n\n\n<p>Conform\u00e9ment au RGPD, vous disposez des droits suivants :<\/p>\n\n\n\n<ul class=\"wp-block-list\">\n<li>droit d\u2019acc\u00e8s<\/li>\n\n\n\n<li>droit de rectification<\/li>\n\n\n\n<li>droit d\u2019effacement<\/li>\n\n\n\n<li>droit d\u2019opposition<\/li>\n\n\n\n<li>droit \u00e0 la limitation du traitement<\/li>\n<\/ul>\n\n\n\n<p>Pour exercer vos droits : <strong>contactez-moi \u00e0 l\u2019adresse suivante : contact@amaliaoffice.fr<\/strong><\/p>\n\n\n\n<p>Amalia Office accorde une importance essentielle \u00e0 la protection de vos donn\u00e9es personnelles. Les informations collect\u00e9es via le <strong>formulaire de contact<\/strong> (nom, pr\u00e9nom, email, t\u00e9l\u00e9phone, message) sont utilis\u00e9es uniquement pour r\u00e9pondre \u00e0 votre demande et \u00e9changer avec vous dans un cadre professionnel.<\/p>\n\n\n\n<h2 class=\"wp-block-heading\">Proc\u00e9dures mises en \u0153uvre en cas de fuite de donn\u00e9es<\/h2>\n\n\n\n<p>En cas de fuite ou de suspicion de fuite de donn\u00e9es, Amalia Office s\u2019engage \u00e0 :<\/p>\n\n\n\n<ul class=\"wp-block-list\">\n<li>analyser imm\u00e9diatement l\u2019incident<\/li>\n\n\n\n<li>s\u00e9curiser les acc\u00e8s concern\u00e9s<\/li>\n\n\n\n<li>informer les personnes potentiellement impact\u00e9es<\/li>\n\n\n\n<li>contacter, si n\u00e9cessaire, la CNIL conform\u00e9ment aux obligations l\u00e9gales<\/li>\n<\/ul>\n\n\n\n<h2 class=\"wp-block-heading\">Op\u00e9rations de marketing automatis\u00e9 et\/ou de profilage r\u00e9alis\u00e9es \u00e0 l\u2019aide des donn\u00e9es personnelles<\/h2>\n\n\n\n<p>Amalia Office ne r\u00e9alise <strong>aucune op\u00e9ration de marketing automatis\u00e9<\/strong>, ni aucun <strong>profilage<\/strong> \u00e0 partir des donn\u00e9es personnelles. Aucune d\u00e9cision n\u2019est prise automatiquement sur la base des informations collect\u00e9es.<\/p>\n\n\n\n<h2 class=\"wp-block-heading\">Modifications<\/h2>\n\n\n\n<p>La pr\u00e9sente politique peut \u00eatre mise \u00e0 jour \u00e0 tout moment. La date de derni\u00e8re mise \u00e0 jour est indiqu\u00e9e en bas de page.<\/p>\n\n\n\n<p><strong>Derni\u00e8re mise \u00e0 jour : mars 2026<\/strong><\/p>\n","protected":false},"excerpt":{"rendered":"<p>Qui suis-je\u00a0? www.amaliaoffice.net Fondatrice : Pascale Thiel Contact : contact@amaliaoffice.fr Adresse : 33480 Avensan- France Siret : 10144061800011 Utilisation des donn\u00e9es personnelles collect\u00e9es Lorsque vous utilisez le formulaire de contact du site, les informations suivantes peuvent \u00eatre collect\u00e9es : Ces donn\u00e9es sont strictement n\u00e9cessaires pour r\u00e9pondre \u00e0 votre demande. Finalit\u00e9s du traitement Les donn\u00e9es collect\u00e9es [&hellip;]<\/p>\n","protected":false},"author":1,"featured_media":0,"parent":0,"menu_order":0,"comment_status":"closed","ping_status":"open","template":"","meta":{"footnotes":""},"class_list":["post-3","page","type-page","status-publish","hentry"],"_links":{"self":[{"href":"https:\/\/amaliaoffice.net\/index.php\/wp-json\/wp\/v2\/pages\/3","targetHints":{"allow":["GET"]}}],"collection":[{"href":"https:\/\/amaliaoffice.net\/index.php\/wp-json\/wp\/v2\/pages"}],"about":[{"href":"https:\/\/amaliaoffice.net\/index.php\/wp-json\/wp\/v2\/types\/page"}],"author":[{"embeddable":true,"href":"https:\/\/amaliaoffice.net\/index.php\/wp-json\/wp\/v2\/users\/1"}],"replies":[{"embeddable":true,"href":"https:\/\/amaliaoffice.net\/index.php\/wp-json\/wp\/v2\/comments?post=3"}],"version-history":[{"count":2,"href":"https:\/\/amaliaoffice.net\/index.php\/wp-json\/wp\/v2\/pages\/3\/revisions"}],"predecessor-version":[{"id":200,"href":"https:\/\/amaliaoffice.net\/index.php\/wp-json\/wp\/v2\/pages\/3\/revisions\/200"}],"wp:attachment":[{"href":"https:\/\/amaliaoffice.net\/index.php\/wp-json\/wp\/v2\/media?parent=3"}],"curies":[{"name":"wp","href":"https:\/\/api.w.org\/{rel}","templated":true}]}}