{"id":71,"date":"2026-03-11T15:51:58","date_gmt":"2026-03-11T15:51:58","guid":{"rendered":"https:\/\/amaliaoffice.net\/?page_id=71"},"modified":"2026-03-11T15:51:58","modified_gmt":"2026-03-11T15:51:58","slug":"mentions-legales","status":"publish","type":"page","link":"https:\/\/amaliaoffice.net\/index.php\/mentions-legales\/","title":{"rendered":"Mentions l\u00e9gales"},"content":{"rendered":"\n<h3 class=\"wp-block-heading\">1.<strong>\u00c9diteur du site<\/strong><\/h3>\n\n\n\n<p><strong>Amalia Office<\/strong> Micro\u2011entreprise \u2013 Services administratifs, commerciaux, \u00e9v\u00e9nementiels et viticoles <\/p>\n\n\n\n<p>Repr\u00e9sent\u00e9e par : <strong>Pascale Thiel<\/strong> <\/p>\n\n\n\n<p>Adresse : <em>33480 AVENSAN<\/em> <\/p>\n\n\n\n<p>Email : <strong>contact@amaliaoffice.fr<\/strong> <\/p>\n\n\n\n<p>SIREN : <em>10144061800011<\/em><\/p>\n\n\n\n<p> Statut : Micro\u2011entreprise &#8211; TVA non applicable \u2013 article 293 B du CGI<\/p>\n\n\n\n<h3 class=\"wp-block-heading\"><strong>2. H\u00e9bergement<\/strong><\/h3>\n\n\n\n<p>Le site <strong>amaliaoffice.net<\/strong> est h\u00e9berg\u00e9 par : <strong>OVHcloud<\/strong> 2 rue Kellermann \u2013 59100 Roubaix \u2013 France Site : https:\/\/www.ovhcloud.com<\/p>\n\n\n\n<h3 class=\"wp-block-heading\"><strong>3. Propri\u00e9t\u00e9 intellectuelle<\/strong><\/h3>\n\n\n\n<p>L\u2019ensemble du contenu du site (textes, images, logo, identit\u00e9 visuelle, \u00e9l\u00e9ments graphiques) est la propri\u00e9t\u00e9 exclusive de <strong>Pascale Thiel \u2013 Amalia Office<\/strong>, sauf mention contraire.<\/p>\n\n\n\n<p>Toute reproduction, repr\u00e9sentation, modification ou exploitation, totale ou partielle, est interdite sans autorisation \u00e9crite pr\u00e9alable.<\/p>\n\n\n\n<h3 class=\"wp-block-heading\"><strong>4. Responsabilit\u00e9<\/strong><\/h3>\n\n\n\n<p>Amalia Office s\u2019efforce de fournir des informations fiables et mises \u00e0 jour. Cependant, l\u2019entreprise ne peut \u00eatre tenue responsable :<\/p>\n\n\n\n<ul class=\"wp-block-list\">\n<li>d\u2019erreurs ou omissions,<\/li>\n\n\n\n<li>d\u2019une indisponibilit\u00e9 temporaire du site,<\/li>\n\n\n\n<li>ou de tout dommage r\u00e9sultant de l\u2019utilisation du site.<\/li>\n<\/ul>\n\n\n\n<h3 class=\"wp-block-heading\"><strong>5. Liens externes<\/strong><\/h3>\n\n\n\n<p>Le site peut contenir des liens vers des sites tiers. Amalia Office n\u2019exerce aucun contr\u00f4le sur ces sites et d\u00e9cline toute responsabilit\u00e9 quant \u00e0 leur contenu.<\/p>\n\n\n\n<h3 class=\"wp-block-heading\"><strong>6. Contact<\/strong><\/h3>\n\n\n\n<p>Pour toute question concernant les mentions l\u00e9gales : <strong>contact@amaliaoffice.fr<\/strong><\/p>\n\n\n\n<p><\/p>\n","protected":false},"excerpt":{"rendered":"<p>1.\u00c9diteur du site Amalia Office Micro\u2011entreprise \u2013 Services administratifs, commerciaux, \u00e9v\u00e9nementiels et viticoles Repr\u00e9sent\u00e9e par : Pascale Thiel Adresse : 33480 AVENSAN Email : contact@amaliaoffice.fr SIREN : 10144061800011 Statut : Micro\u2011entreprise &#8211; TVA non applicable \u2013 article 293 B du CGI 2. H\u00e9bergement Le site amaliaoffice.net est h\u00e9berg\u00e9 par : OVHcloud 2 rue Kellermann \u2013 [&hellip;]<\/p>\n","protected":false},"author":1,"featured_media":0,"parent":0,"menu_order":0,"comment_status":"closed","ping_status":"closed","template":"","meta":{"footnotes":""},"class_list":["post-71","page","type-page","status-publish","hentry"],"_links":{"self":[{"href":"https:\/\/amaliaoffice.net\/index.php\/wp-json\/wp\/v2\/pages\/71","targetHints":{"allow":["GET"]}}],"collection":[{"href":"https:\/\/amaliaoffice.net\/index.php\/wp-json\/wp\/v2\/pages"}],"about":[{"href":"https:\/\/amaliaoffice.net\/index.php\/wp-json\/wp\/v2\/types\/page"}],"author":[{"embeddable":true,"href":"https:\/\/amaliaoffice.net\/index.php\/wp-json\/wp\/v2\/users\/1"}],"replies":[{"embeddable":true,"href":"https:\/\/amaliaoffice.net\/index.php\/wp-json\/wp\/v2\/comments?post=71"}],"version-history":[{"count":1,"href":"https:\/\/amaliaoffice.net\/index.php\/wp-json\/wp\/v2\/pages\/71\/revisions"}],"predecessor-version":[{"id":72,"href":"https:\/\/amaliaoffice.net\/index.php\/wp-json\/wp\/v2\/pages\/71\/revisions\/72"}],"wp:attachment":[{"href":"https:\/\/amaliaoffice.net\/index.php\/wp-json\/wp\/v2\/media?parent=71"}],"curies":[{"name":"wp","href":"https:\/\/api.w.org\/{rel}","templated":true}]}}